{"id":3188,"date":"2026-01-10T17:46:55","date_gmt":"2026-01-10T17:46:55","guid":{"rendered":"https:\/\/fieldready.org.tr\/?page_id=3188"},"modified":"2026-01-10T18:02:12","modified_gmt":"2026-01-10T18:02:12","slug":"hatay-collaboration-mini-survey","status":"publish","type":"page","link":"https:\/\/fieldready.org.tr\/index.php\/hatay-collaboration-mini-survey\/","title":{"rendered":"Hatay Collaboration Mini Survey"},"content":{"rendered":"<p>[vc_row full_width=&#8221;stretch_row_content&#8221; full_height=&#8221;yes&#8221; overflow=&#8221;default&#8221;][vc_column][vc_tta_tabs title_tag=&#8221;h1&#8243; section_title_tag=&#8221;h2&#8243; color=&#8221;sky&#8221; spacing=&#8221;35&#8243; alignment=&#8221;center&#8221; active_section=&#8221;&#8221;][vc_tta_section title=&#8221;\u0627\u0644\u0639\u0631\u0628\u064a\u0629&#8221; tab_id=&#8221;ar&#8221;][vc_row_inner equal_height=&#8221;yes&#8221; content_placement=&#8221;middle&#8221; overflow=&#8221;default&#8221; css=&#8221;.vc_custom_1700507080452{padding-top: 100px !important;padding-bottom: 100px !important;background-color: #ffffff !important;background-position: center !important;background-repeat: no-repeat !important;background-size: cover !important;}&#8221;][vc_column_inner width=&#8221;1\/3&#8243; mobile_element_alignment=&#8221;center&#8221; css=&#8221;.vc_custom_1547736777917{margin-top: 0px !important;padding-top: 0px !important;padding-right: 15px !important;}&#8221; padding_tablet=&#8221;0px 0px 0px 0px&#8221;][\/vc_column_inner][vc_column_inner width=&#8221;1\/3&#8243;][vc_column_text]<div class=\"forminator-ui forminator-custom-form forminator-custom-form-3186 forminator-design--default forminator-custom forminator_ajax\" data-forminator-render=\"0\" data-form=\"forminator-module-3186\" data-uid=\"69f528b5a18e2\"><br\/><\/div><form\n\t\t\t\tid=\"forminator-module-3186\"\n\t\t\t\tclass=\"forminator-ui forminator-custom-form forminator-custom-form-3186 forminator-design--default forminator-custom forminator_ajax\"\n\t\t\t\tmethod=\"post\"\n\t\t\t\tdata-forminator-render=\"0\"\n\t\t\t\tdata-form-id=\"3186\"\n\t\t\t\t data-color-option=\"default\" data-design=\"default\" data-grid=\"custom\" style=\"display: none;\"\n\t\t\t\tdata-uid=\"69f528b5a18e2\"\n\t\t\t><div role=\"alert\" aria-live=\"polite\" class=\"forminator-response-message forminator-error\" aria-hidden=\"true\"><\/div><div class=\"forminator-row\"><div id=\"html-intro\" class=\"forminator-field-html forminator-col forminator-col-12 \"><div class=\"forminator-field forminator-merge-tags\" data-field=\"html-intro\"><section lang=\"ar\" dir=\"rtl\" class=\"fr-mini-q\">\n<section style=\"font-family: system-ui, -apple-system, Segoe UI, Arial, sans-serif;line-height: 1.85;color: #0f3550\" lang=\"ar\" dir=\"rtl\"><br>\n<div style=\"max-width: 720px;margin: 0 auto;padding: 16px\"><br>\n<div style=\"background: #f6fafc;border: 1px solid #d9e4ee;border-right: 5px solid #2a6fb0;border-radius: 14px;padding: 14px 16px\"><br>\n<p style=\"margin: 0\"><br>\u0628\u0639\u062f \u0645\u0634\u0627\u0631\u0643\u062a\u0643 \u0641\u064a \u062a\u062f\u0631\u064a\u0628\u0627\u062a \u0631\u064a\u0627\u062f\u0629 \u0627\u0644\u0623\u0639\u0645\u0627\u0644 \u0627\u0644\u062a\u064a \u0623\u064f\u0642\u064a\u0645\u062a \u0636\u0645\u0646 \u0645\u0634\u0631\u0648\u0639<br><strong>\u00ab\u062f\u0639\u0645 \u0627\u0644\u062a\u0639\u0627\u0648\u0646 \u0628\u064a\u0646 \u062a\u0631\u0643\u064a\u0627 \u0648\u0625\u064a\u0637\u0627\u0644\u064a\u0627 \u0628\u0634\u0623\u0646 \u062a\u062f\u0641\u0642\u0627\u062a \u0627\u0644\u0647\u062c\u0631\u0629 \u063a\u064a\u0631 \u0627\u0644\u0646\u0638\u0627\u0645\u064a\u0629 \u0641\u064a \u0627\u0644\u0628\u062d\u0631 \u0627\u0644\u0623\u0628\u064a\u0636 \u0627\u0644\u0645\u062a\u0648\u0633\u0637\u00bb<\/strong>\u060c<br>\u0648\u0627\u0644\u0630\u064a \u0646\u064f\u0641\u0650\u0651\u0630 \u0645\u0646 \u0642\u0628\u0644 <strong>IOM T\u00fcrkiye<\/strong> \u0628\u0627\u0644\u0634\u0631\u0627\u0643\u0629 \u0645\u0639<br><strong>Sahaya Haz\u0131r \u0130novasyon (Field Ready T\u00fcrkiye)<\/strong> \u0648\u0628\u062f\u0639\u0645 \u0645\u0646<br><strong>\u0648\u0632\u0627\u0631\u0629 \u0627\u0644\u062e\u0627\u0631\u062c\u064a\u0629 \u0627\u0644\u0625\u064a\u0637\u0627\u0644\u064a\u0629<\/strong>\u060c \u0647\u0644 \u0632\u0627\u062f \u062a\u0639\u0627\u0648\u0646\u0643 \u0648\u062a\u0648\u0627\u0635\u0644\u0643 (\u0627\u0644\u062a\u0634\u0628\u064a\u0643) \u0645\u0639 \u0623\u0634\u062e\u0627\u0635 \u0645\u0646<br>\u0645\u062c\u062a\u0645\u0639\u0627\u062a\/\u062c\u0646\u0633\u064a\u0627\u062a \u0645\u062e\u062a\u0644\u0641\u0629 \u0641\u064a \u0647\u0627\u062a\u0627\u064a (\u0645\u062b\u0644 \u0627\u0644\u0645\u0647\u0627\u062c\u0631\u064a\u0646 \u0648\u0627\u0644\u0633\u0643\u0627\u0646 \u0627\u0644\u0645\u062d\u0644\u064a\u064a\u0646)\u061f<\/p>\n<\/div>\n<\/div>\n<\/section>\n<\/section><\/div><\/div><\/div><div class=\"forminator-row\"><div id=\"checkbox-1\" class=\"forminator-field-checkbox forminator-col forminator-col-12 \"><div role=\"group\" class=\"forminator-field\" aria-labelledby=\"forminator-checkbox-group-forminator-field-checkbox-1-69f528b5a18e2-label\"><span id=\"forminator-checkbox-group-forminator-field-checkbox-1-69f528b5a18e2-label\" class=\"forminator-label\">\u0647\u0644 \u0632\u0627\u062f \u062a\u0639\u0627\u0648\u0646\u0643 \u0648\u062a\u0648\u0627\u0635\u0644\u0643\u061f<\/span><label id=\"forminator-field-checkbox-1-1-69f528b5a18e2-label\" for=\"forminator-field-checkbox-1-1-69f528b5a18e2\" class=\"forminator-checkbox\" title=\"\u0646\u0639\u0645\"><input type=\"checkbox\" name=\"checkbox-1[]\" value=\"yes\" id=\"forminator-field-checkbox-1-1-69f528b5a18e2\" aria-labelledby=\"forminator-field-checkbox-1-1-69f528b5a18e2-label\" data-calculation=\"0\"   data-hidden-behavior=\"zero\"\/><span class=\"forminator-checkbox-box\" aria-hidden=\"true\"><\/span><span class=\"forminator-checkbox-label\">\u0646\u0639\u0645<\/span><\/label><label id=\"forminator-field-checkbox-1-2-69f528b5a18e2-label\" for=\"forminator-field-checkbox-1-2-69f528b5a18e2\" class=\"forminator-checkbox\" title=\"\u0644\u0627\"><input type=\"checkbox\" name=\"checkbox-1[]\" value=\"no\" id=\"forminator-field-checkbox-1-2-69f528b5a18e2\" aria-labelledby=\"forminator-field-checkbox-1-2-69f528b5a18e2-label\" data-calculation=\"0\"   data-hidden-behavior=\"zero\"\/><span class=\"forminator-checkbox-box\" aria-hidden=\"true\"><\/span><span class=\"forminator-checkbox-label\">\u0644\u0627<\/span><\/label><\/div><\/div><\/div><div class=\"forminator-row\"><div id=\"text-name\" class=\"forminator-field-text forminator-col forminator-col-12 \"><div class=\"forminator-field\"><label for=\"forminator-field-text-name_69f528b5a18e2\" id=\"forminator-field-text-name_69f528b5a18e2-label\" class=\"forminator-label\">\u0627\u0644\u0627\u0633\u0645 \u0627\u0644\u0643\u0627\u0645\u0644 <span class=\"forminator-required\">*<\/span><\/label><input type=\"text\" name=\"text-name\" value=\"\" placeholder=\"\u0627\u0643\u062a\u0628 \u0627\u0633\u0645\u0643 \u0627\u0644\u0643\u0627\u0645\u0644\" id=\"forminator-field-text-name_69f528b5a18e2\" class=\"forminator-input forminator-name--field\" data-required=\"1\" \/><\/div><\/div><\/div><input type=\"hidden\" name=\"referer_url\" value=\"\" \/><div class=\"forminator-row forminator-row-last\"><div class=\"forminator-col\"><div class=\"forminator-field\"><button class=\"forminator-button forminator-button-submit\">\u0625\u0631\u0633\u0627\u0644<\/button><\/div><\/div><\/div><input type=\"hidden\" id=\"forminator_nonce\" name=\"forminator_nonce\" value=\"89aaf51597\" \/><input type=\"hidden\" name=\"_wp_http_referer\" value=\"\/index.php\/wp-json\/wp\/v2\/pages\/3188\" \/><input type=\"hidden\" name=\"form_id\" value=\"3186\"><input type=\"hidden\" name=\"page_id\" value=\"3188\"><input type=\"hidden\" name=\"form_type\" value=\"default\"><input type=\"hidden\" name=\"current_url\" value=\"https:\/\/fieldready.org.tr\/index.php\/hatay-collaboration-mini-survey\/\"><input type=\"hidden\" name=\"render_id\" value=\"0\"><input type=\"hidden\" name=\"action\" value=\"forminator_submit_form_custom-forms\"><\/form>[\/vc_column_text][\/vc_column_inner][vc_column_inner width=&#8221;1\/3&#8243;][\/vc_column_inner][\/vc_row_inner][\/vc_tta_section][vc_tta_section title=&#8221;T\u00fcrk\u00e7e&#8221; tab_id=&#8221;tr&#8221;][vc_row_inner equal_height=&#8221;yes&#8221; content_placement=&#8221;middle&#8221; overflow=&#8221;default&#8221; css=&#8221;.vc_custom_1700507080452{padding-top: 100px !important;padding-bottom: 100px !important;background-color: #ffffff !important;background-position: center !important;background-repeat: no-repeat !important;background-size: cover !important;}&#8221;][vc_column_inner width=&#8221;1\/3&#8243; mobile_element_alignment=&#8221;center&#8221; css=&#8221;.vc_custom_1547736777917{margin-top: 0px !important;padding-top: 0px !important;padding-right: 15px !important;}&#8221; padding_tablet=&#8221;0px 0px 0px 0px&#8221;][\/vc_column_inner][vc_column_inner width=&#8221;1\/3&#8243;][vc_column_text]<\/p>\n<p style=\"text-align: right;\" data-start=\"166\" data-end=\"431\"><div class=\"forminator-ui forminator-custom-form forminator-custom-form-3190 forminator-design--default forminator-custom forminator_ajax\" data-forminator-render=\"0\" data-form=\"forminator-module-3190\" data-uid=\"69f528b5a47aa\"><br\/><\/div><form\n\t\t\t\tid=\"forminator-module-3190\"\n\t\t\t\tclass=\"forminator-ui forminator-custom-form forminator-custom-form-3190 forminator-design--default forminator-custom forminator_ajax\"\n\t\t\t\tmethod=\"post\"\n\t\t\t\tdata-forminator-render=\"0\"\n\t\t\t\tdata-form-id=\"3190\"\n\t\t\t\t data-color-option=\"default\" data-design=\"default\" data-grid=\"custom\" style=\"display: none;\"\n\t\t\t\tdata-uid=\"69f528b5a47aa\"\n\t\t\t><div role=\"alert\" aria-live=\"polite\" class=\"forminator-response-message forminator-error\" aria-hidden=\"true\"><\/div><div class=\"forminator-row\"><div id=\"html-intro\" class=\"forminator-field-html forminator-col forminator-col-12 \"><div class=\"forminator-field forminator-merge-tags\" data-field=\"html-intro\"><section style=\"font-family: system-ui, -apple-system, Segoe UI, Arial, sans-serif;line-height: 1.75;color: #0f3550\" lang=\"tr\" dir=\"ltr\">\n<div style=\"max-width: 720px;margin: 0 auto;padding: 16px\">\n<div style=\"background: #f6fafc;border: 1px solid #d9e4ee;border-left: 5px solid #2a6fb0;border-radius: 14px;padding: 14px 16px;margin-bottom: 12px\">\n<p style=\"margin: 0\">\u201cAkdeniz\u2019de D\u00fczensiz G\u00f6\u00e7 Ak\u0131\u015flar\u0131 Konusunda T\u00fcrkiye ve \u0130talya Aras\u0131nda \u0130\u015f Birli\u011finin Desteklenmesi\u201d projesi kapsam\u0131nda d\u00fczenlenen giri\u015fimcilik e\u011fitimlerine kat\u0131ld\u0131ktan sonra \u2014 <strong>IOM T\u00fcrkiye<\/strong> taraf\u0131ndan, <strong>Sahaya Haz\u0131r \u0130novasyon (Field Ready T\u00fcrkiye)<\/strong> ortakl\u0131\u011f\u0131nda ve <strong>\u0130talya D\u0131\u015fi\u015fleri Bakanl\u0131\u011f\u0131<\/strong> deste\u011fiyle \u2014 Hatay\u2019da farkl\u0131 topluluklardan\/uyruklardan ki\u015filerle (\u00f6r. g\u00f6\u00e7menler ve yerel halk) k\u00fclt\u00fcrleraras\u0131 i\u015f birli\u011finiz ve a\u011f kurman\u0131z artt\u0131 m\u0131?<\/p>\n<\/div>\n<\/div>\n<\/section><\/div><\/div><\/div><div class=\"forminator-row\"><div id=\"checkbox-2\" class=\"forminator-field-checkbox forminator-col forminator-col-12 \"><div role=\"group\" class=\"forminator-field\" aria-labelledby=\"forminator-checkbox-group-forminator-field-checkbox-2-69f528b5a47aa-label\"><span id=\"forminator-checkbox-group-forminator-field-checkbox-2-69f528b5a47aa-label\" class=\"forminator-label\">K\u00fclt\u00fcrleraras\u0131 i\u015f birli\u011fi ve a\u011f kurma artt\u0131 m\u0131?<\/span><label id=\"forminator-field-checkbox-2-1-69f528b5a47aa-label\" for=\"forminator-field-checkbox-2-1-69f528b5a47aa\" class=\"forminator-checkbox\" title=\"Evet\"><input type=\"checkbox\" name=\"checkbox-2[]\" value=\"yes\" id=\"forminator-field-checkbox-2-1-69f528b5a47aa\" aria-labelledby=\"forminator-field-checkbox-2-1-69f528b5a47aa-label\" data-calculation=\"0\"   data-hidden-behavior=\"zero\"\/><span class=\"forminator-checkbox-box\" aria-hidden=\"true\"><\/span><span class=\"forminator-checkbox-label\">Evet<\/span><\/label><label id=\"forminator-field-checkbox-2-2-69f528b5a47aa-label\" for=\"forminator-field-checkbox-2-2-69f528b5a47aa\" class=\"forminator-checkbox\" title=\"Hay\u0131r\"><input type=\"checkbox\" name=\"checkbox-2[]\" value=\"no\" id=\"forminator-field-checkbox-2-2-69f528b5a47aa\" aria-labelledby=\"forminator-field-checkbox-2-2-69f528b5a47aa-label\" data-calculation=\"0\"   data-hidden-behavior=\"zero\"\/><span class=\"forminator-checkbox-box\" aria-hidden=\"true\"><\/span><span class=\"forminator-checkbox-label\">Hay\u0131r<\/span><\/label><\/div><\/div><\/div><div class=\"forminator-row\"><div id=\"text-name\" class=\"forminator-field-text forminator-col forminator-col-12 \"><div class=\"forminator-field\"><label for=\"forminator-field-text-name_69f528b5a47aa\" id=\"forminator-field-text-name_69f528b5a47aa-label\" class=\"forminator-label\">Ad Soyad <span class=\"forminator-required\">*<\/span><\/label><input type=\"text\" name=\"text-name\" value=\"\" placeholder=\"Ad\u0131n\u0131z\u0131 ve soyad\u0131n\u0131z\u0131 yaz\u0131n\u0131z\" id=\"forminator-field-text-name_69f528b5a47aa\" class=\"forminator-input forminator-name--field\" data-required=\"1\" \/><\/div><\/div><\/div><input type=\"hidden\" name=\"referer_url\" value=\"\" \/><div class=\"forminator-row forminator-row-last\"><div class=\"forminator-col\"><div class=\"forminator-field\"><button class=\"forminator-button forminator-button-submit\">G&ouml;nder<\/button><\/div><\/div><\/div><input type=\"hidden\" id=\"forminator_nonce\" name=\"forminator_nonce\" value=\"3b324221ec\" \/><input type=\"hidden\" name=\"_wp_http_referer\" value=\"\/index.php\/wp-json\/wp\/v2\/pages\/3188\" \/><input type=\"hidden\" name=\"form_id\" value=\"3190\"><input type=\"hidden\" name=\"page_id\" value=\"3188\"><input type=\"hidden\" name=\"form_type\" value=\"default\"><input type=\"hidden\" name=\"current_url\" value=\"https:\/\/fieldready.org.tr\/index.php\/hatay-collaboration-mini-survey\/\"><input type=\"hidden\" name=\"render_id\" value=\"0\"><input type=\"hidden\" name=\"action\" value=\"forminator_submit_form_custom-forms\"><\/form><\/p>\n<p>[\/vc_column_text][\/vc_column_inner][vc_column_inner width=&#8221;1\/3&#8243;][\/vc_column_inner][\/vc_row_inner][\/vc_tta_section][\/vc_tta_tabs][\/vc_column][\/vc_row]<\/p>\n","protected":false},"excerpt":{"rendered":"<p>[vc_row full_width=&#8221;stretch_row_content&#8221; full_height=&#8221;yes&#8221; overflow=&#8221;default&#8221;][vc_column][vc_tta_tabs title_tag=&#8221;h1&#8243; section_title_tag=&#8221;h2&#8243; color=&#8221;sky&#8221; spacing=&#8221;35&#8243; alignment=&#8221;center&#8221; active_section=&#8221;&#8221;][vc_tta_section title=&#8221;\u0627\u0644\u0639\u0631\u0628\u064a\u0629&#8221; tab_id=&#8221;ar&#8221;][vc_row_inner equal_height=&#8221;yes&#8221; content_placement=&#8221;middle&#8221; overflow=&#8221;default&#8221; css=&#8221;.vc_custom_1700507080452{padding-top: 100px !important;padding-bottom: 100px !important;background-color: #ffffff !important;background-position: center !important;background-repeat: no-repeat !important;background-size: cover !important;}&#8221;][vc_column_inner width=&#8221;1\/3&#8243; mobile_element_alignment=&#8221;center&#8221; css=&#8221;.vc_custom_1547736777917{margin-top: 0px !important;padding-top: 0px !important;padding-right: 15px !important;}&#8221; padding_tablet=&#8221;0px 0px 0px 0px&#8221;][\/vc_column_inner][vc_column_inner width=&#8221;1\/3&#8243;][vc_column_text][\/vc_column_text][\/vc_column_inner][vc_column_inner width=&#8221;1\/3&#8243;][\/vc_column_inner][\/vc_row_inner][\/vc_tta_section][vc_tta_section title=&#8221;T\u00fcrk\u00e7e&#8221; tab_id=&#8221;tr&#8221;][vc_row_inner&#8230;<\/p>\n","protected":false},"author":1,"featured_media":0,"parent":0,"menu_order":0,"comment_status":"closed","ping_status":"closed","template":"","meta":{"footnotes":""},"class_list":["post-3188","page","type-page","status-publish","hentry"],"yoast_head":"<!-- This site is optimized with the Yoast SEO plugin v26.5 - https:\/\/yoast.com\/wordpress\/plugins\/seo\/ -->\n<title>Hatay Collaboration Mini Survey - Sahaya Hazir \u0130novasyon Derne\u011fi<\/title>\n<meta name=\"robots\" content=\"index, follow, max-snippet:-1, max-image-preview:large, max-video-preview:-1\" \/>\n<link rel=\"canonical\" href=\"https:\/\/fieldready.org.tr\/index.php\/hatay-collaboration-mini-survey\/\" \/>\n<meta property=\"og:locale\" content=\"en_US\" \/>\n<meta property=\"og:type\" content=\"article\" \/>\n<meta property=\"og:title\" content=\"Hatay Collaboration Mini Survey - Sahaya Hazir \u0130novasyon Derne\u011fi\" \/>\n<meta property=\"og:description\" content=\"[vc_row full_width=&#8221;stretch_row_content&#8221; full_height=&#8221;yes&#8221; overflow=&#8221;default&#8221;][vc_column][vc_tta_tabs title_tag=&#8221;h1&#8243; section_title_tag=&#8221;h2&#8243; color=&#8221;sky&#8221; spacing=&#8221;35&#8243; alignment=&#8221;center&#8221; active_section=&#8221;&#8221;][vc_tta_section title=&#8221;\u0627\u0644\u0639\u0631\u0628\u064a\u0629&#8221; tab_id=&#8221;ar&#8221;][vc_row_inner equal_height=&#8221;yes&#8221; content_placement=&#8221;middle&#8221; overflow=&#8221;default&#8221; css=&#8221;.vc_custom_1700507080452{padding-top: 100px !important;padding-bottom: 100px !important;background-color: #ffffff !important;background-position: center !important;background-repeat: no-repeat !important;background-size: cover !important;}&#8221;][vc_column_inner width=&#8221;1\/3&#8243; mobile_element_alignment=&#8221;center&#8221; css=&#8221;.vc_custom_1547736777917{margin-top: 0px !important;padding-top: 0px !important;padding-right: 15px !important;}&#8221; padding_tablet=&#8221;0px 0px 0px 0px&#8221;][\/vc_column_inner][vc_column_inner width=&#8221;1\/3&#8243;][vc_column_text][\/vc_column_text][\/vc_column_inner][vc_column_inner width=&#8221;1\/3&#8243;][\/vc_column_inner][\/vc_row_inner][\/vc_tta_section][vc_tta_section title=&#8221;T\u00fcrk\u00e7e&#8221; tab_id=&#8221;tr&#8221;][vc_row_inner...\" \/>\n<meta property=\"og:url\" content=\"https:\/\/fieldready.org.tr\/index.php\/hatay-collaboration-mini-survey\/\" \/>\n<meta property=\"og:site_name\" content=\"Sahaya Hazir \u0130novasyon Derne\u011fi\" \/>\n<meta property=\"article:publisher\" content=\"https:\/\/www.facebook.com\/FieldReadyTurkiye\" \/>\n<meta property=\"article:modified_time\" content=\"2026-01-10T18:02:12+00:00\" \/>\n<meta property=\"og:image\" content=\"https:\/\/fieldready.org.tr\/wp-content\/uploads\/2018\/08\/356157897_645010720982447_7484046960052446728_n.jpg\" \/>\n\t<meta property=\"og:image:width\" content=\"2000\" \/>\n\t<meta property=\"og:image:height\" content=\"1019\" \/>\n\t<meta property=\"og:image:type\" content=\"image\/jpeg\" \/>\n<meta name=\"twitter:card\" content=\"summary_large_image\" \/>\n<meta name=\"twitter:site\" content=\"@fieldreadytr\" \/>\n<meta name=\"twitter:label1\" content=\"Est. reading time\" \/>\n\t<meta name=\"twitter:data1\" content=\"1 minute\" \/>\n<script type=\"application\/ld+json\" class=\"yoast-schema-graph\">{\"@context\":\"https:\/\/schema.org\",\"@graph\":[{\"@type\":\"WebPage\",\"@id\":\"https:\/\/fieldready.org.tr\/index.php\/hatay-collaboration-mini-survey\/\",\"url\":\"https:\/\/fieldready.org.tr\/index.php\/hatay-collaboration-mini-survey\/\",\"name\":\"Hatay Collaboration Mini Survey - Sahaya Hazir \u0130novasyon Derne\u011fi\",\"isPartOf\":{\"@id\":\"https:\/\/fieldready.org.tr\/#website\"},\"datePublished\":\"2026-01-10T17:46:55+00:00\",\"dateModified\":\"2026-01-10T18:02:12+00:00\",\"breadcrumb\":{\"@id\":\"https:\/\/fieldready.org.tr\/index.php\/hatay-collaboration-mini-survey\/#breadcrumb\"},\"inLanguage\":\"en-US\",\"potentialAction\":[{\"@type\":\"ReadAction\",\"target\":[\"https:\/\/fieldready.org.tr\/index.php\/hatay-collaboration-mini-survey\/\"]}]},{\"@type\":\"BreadcrumbList\",\"@id\":\"https:\/\/fieldready.org.tr\/index.php\/hatay-collaboration-mini-survey\/#breadcrumb\",\"itemListElement\":[{\"@type\":\"ListItem\",\"position\":1,\"name\":\"Home\",\"item\":\"https:\/\/fieldready.org.tr\/\"},{\"@type\":\"ListItem\",\"position\":2,\"name\":\"Hatay Collaboration Mini Survey\"}]},{\"@type\":\"WebSite\",\"@id\":\"https:\/\/fieldready.org.tr\/#website\",\"url\":\"https:\/\/fieldready.org.tr\/\",\"name\":\"Field Ready T\u00fcrkiye\",\"description\":\"Humanitarian Aid Supplies Made-in-the-Field\",\"publisher\":{\"@id\":\"https:\/\/fieldready.org.tr\/#organization\"},\"alternateName\":\"Sahaya Hazir \u0130novasyon Derne\u011fi\",\"potentialAction\":[{\"@type\":\"SearchAction\",\"target\":{\"@type\":\"EntryPoint\",\"urlTemplate\":\"https:\/\/fieldready.org.tr\/?s={search_term_string}\"},\"query-input\":{\"@type\":\"PropertyValueSpecification\",\"valueRequired\":true,\"valueName\":\"search_term_string\"}}],\"inLanguage\":\"en-US\"},{\"@type\":\"Organization\",\"@id\":\"https:\/\/fieldready.org.tr\/#organization\",\"name\":\"Field Ready Turk\u200eiye\",\"url\":\"https:\/\/fieldready.org.tr\/\",\"logo\":{\"@type\":\"ImageObject\",\"inLanguage\":\"en-US\",\"@id\":\"https:\/\/fieldready.org.tr\/#\/schema\/logo\/image\/\",\"url\":\"https:\/\/fieldready.org.tr\/wp-content\/uploads\/2018\/08\/sahaya-hazir-Fieldready-Logo.jpg\",\"contentUrl\":\"https:\/\/fieldready.org.tr\/wp-content\/uploads\/2018\/08\/sahaya-hazir-Fieldready-Logo.jpg\",\"width\":1200,\"height\":1200,\"caption\":\"Field Ready Turk\u200eiye\"},\"image\":{\"@id\":\"https:\/\/fieldready.org.tr\/#\/schema\/logo\/image\/\"},\"sameAs\":[\"https:\/\/www.facebook.com\/FieldReadyTurkiye\",\"https:\/\/x.com\/fieldreadytr\",\"https:\/\/www.linkedin.com\/company\/fieldreadyturk\u200eiye\/\",\"http:\/\/instagram.com\/fieldreadyturkiye\/\"]}]}<\/script>\n<!-- \/ Yoast SEO plugin. -->","yoast_head_json":{"title":"Hatay Collaboration Mini Survey - Sahaya Hazir \u0130novasyon Derne\u011fi","robots":{"index":"index","follow":"follow","max-snippet":"max-snippet:-1","max-image-preview":"max-image-preview:large","max-video-preview":"max-video-preview:-1"},"canonical":"https:\/\/fieldready.org.tr\/index.php\/hatay-collaboration-mini-survey\/","og_locale":"en_US","og_type":"article","og_title":"Hatay Collaboration Mini Survey - Sahaya Hazir \u0130novasyon Derne\u011fi","og_description":"[vc_row full_width=&#8221;stretch_row_content&#8221; full_height=&#8221;yes&#8221; overflow=&#8221;default&#8221;][vc_column][vc_tta_tabs title_tag=&#8221;h1&#8243; section_title_tag=&#8221;h2&#8243; color=&#8221;sky&#8221; spacing=&#8221;35&#8243; alignment=&#8221;center&#8221; active_section=&#8221;&#8221;][vc_tta_section title=&#8221;\u0627\u0644\u0639\u0631\u0628\u064a\u0629&#8221; tab_id=&#8221;ar&#8221;][vc_row_inner equal_height=&#8221;yes&#8221; content_placement=&#8221;middle&#8221; overflow=&#8221;default&#8221; css=&#8221;.vc_custom_1700507080452{padding-top: 100px !important;padding-bottom: 100px !important;background-color: #ffffff !important;background-position: center !important;background-repeat: no-repeat !important;background-size: cover !important;}&#8221;][vc_column_inner width=&#8221;1\/3&#8243; mobile_element_alignment=&#8221;center&#8221; css=&#8221;.vc_custom_1547736777917{margin-top: 0px !important;padding-top: 0px !important;padding-right: 15px !important;}&#8221; padding_tablet=&#8221;0px 0px 0px 0px&#8221;][\/vc_column_inner][vc_column_inner width=&#8221;1\/3&#8243;][vc_column_text][\/vc_column_text][\/vc_column_inner][vc_column_inner width=&#8221;1\/3&#8243;][\/vc_column_inner][\/vc_row_inner][\/vc_tta_section][vc_tta_section title=&#8221;T\u00fcrk\u00e7e&#8221; tab_id=&#8221;tr&#8221;][vc_row_inner...","og_url":"https:\/\/fieldready.org.tr\/index.php\/hatay-collaboration-mini-survey\/","og_site_name":"Sahaya Hazir \u0130novasyon Derne\u011fi","article_publisher":"https:\/\/www.facebook.com\/FieldReadyTurkiye","article_modified_time":"2026-01-10T18:02:12+00:00","og_image":[{"width":2000,"height":1019,"url":"https:\/\/fieldready.org.tr\/wp-content\/uploads\/2018\/08\/356157897_645010720982447_7484046960052446728_n.jpg","type":"image\/jpeg"}],"twitter_card":"summary_large_image","twitter_site":"@fieldreadytr","twitter_misc":{"Est. reading time":"1 minute"},"schema":{"@context":"https:\/\/schema.org","@graph":[{"@type":"WebPage","@id":"https:\/\/fieldready.org.tr\/index.php\/hatay-collaboration-mini-survey\/","url":"https:\/\/fieldready.org.tr\/index.php\/hatay-collaboration-mini-survey\/","name":"Hatay Collaboration Mini Survey - Sahaya Hazir \u0130novasyon Derne\u011fi","isPartOf":{"@id":"https:\/\/fieldready.org.tr\/#website"},"datePublished":"2026-01-10T17:46:55+00:00","dateModified":"2026-01-10T18:02:12+00:00","breadcrumb":{"@id":"https:\/\/fieldready.org.tr\/index.php\/hatay-collaboration-mini-survey\/#breadcrumb"},"inLanguage":"en-US","potentialAction":[{"@type":"ReadAction","target":["https:\/\/fieldready.org.tr\/index.php\/hatay-collaboration-mini-survey\/"]}]},{"@type":"BreadcrumbList","@id":"https:\/\/fieldready.org.tr\/index.php\/hatay-collaboration-mini-survey\/#breadcrumb","itemListElement":[{"@type":"ListItem","position":1,"name":"Home","item":"https:\/\/fieldready.org.tr\/"},{"@type":"ListItem","position":2,"name":"Hatay Collaboration Mini Survey"}]},{"@type":"WebSite","@id":"https:\/\/fieldready.org.tr\/#website","url":"https:\/\/fieldready.org.tr\/","name":"Field Ready T\u00fcrkiye","description":"Humanitarian Aid Supplies Made-in-the-Field","publisher":{"@id":"https:\/\/fieldready.org.tr\/#organization"},"alternateName":"Sahaya Hazir \u0130novasyon Derne\u011fi","potentialAction":[{"@type":"SearchAction","target":{"@type":"EntryPoint","urlTemplate":"https:\/\/fieldready.org.tr\/?s={search_term_string}"},"query-input":{"@type":"PropertyValueSpecification","valueRequired":true,"valueName":"search_term_string"}}],"inLanguage":"en-US"},{"@type":"Organization","@id":"https:\/\/fieldready.org.tr\/#organization","name":"Field Ready Turk\u200eiye","url":"https:\/\/fieldready.org.tr\/","logo":{"@type":"ImageObject","inLanguage":"en-US","@id":"https:\/\/fieldready.org.tr\/#\/schema\/logo\/image\/","url":"https:\/\/fieldready.org.tr\/wp-content\/uploads\/2018\/08\/sahaya-hazir-Fieldready-Logo.jpg","contentUrl":"https:\/\/fieldready.org.tr\/wp-content\/uploads\/2018\/08\/sahaya-hazir-Fieldready-Logo.jpg","width":1200,"height":1200,"caption":"Field Ready Turk\u200eiye"},"image":{"@id":"https:\/\/fieldready.org.tr\/#\/schema\/logo\/image\/"},"sameAs":["https:\/\/www.facebook.com\/FieldReadyTurkiye","https:\/\/x.com\/fieldreadytr","https:\/\/www.linkedin.com\/company\/fieldreadyturk\u200eiye\/","http:\/\/instagram.com\/fieldreadyturkiye\/"]}]}},"_links":{"self":[{"href":"https:\/\/fieldready.org.tr\/index.php\/wp-json\/wp\/v2\/pages\/3188","targetHints":{"allow":["GET"]}}],"collection":[{"href":"https:\/\/fieldready.org.tr\/index.php\/wp-json\/wp\/v2\/pages"}],"about":[{"href":"https:\/\/fieldready.org.tr\/index.php\/wp-json\/wp\/v2\/types\/page"}],"author":[{"embeddable":true,"href":"https:\/\/fieldready.org.tr\/index.php\/wp-json\/wp\/v2\/users\/1"}],"replies":[{"embeddable":true,"href":"https:\/\/fieldready.org.tr\/index.php\/wp-json\/wp\/v2\/comments?post=3188"}],"version-history":[{"count":4,"href":"https:\/\/fieldready.org.tr\/index.php\/wp-json\/wp\/v2\/pages\/3188\/revisions"}],"predecessor-version":[{"id":3193,"href":"https:\/\/fieldready.org.tr\/index.php\/wp-json\/wp\/v2\/pages\/3188\/revisions\/3193"}],"wp:attachment":[{"href":"https:\/\/fieldready.org.tr\/index.php\/wp-json\/wp\/v2\/media?parent=3188"}],"curies":[{"name":"wp","href":"https:\/\/api.w.org\/{rel}","templated":true}]}}