{"id":3089,"date":"2025-09-03T21:16:07","date_gmt":"2025-09-03T21:16:07","guid":{"rendered":"https:\/\/fieldready.org.tr\/?page_id=3089"},"modified":"2025-09-18T14:54:52","modified_gmt":"2025-09-18T14:54:52","slug":"start-ready-2","status":"publish","type":"page","link":"https:\/\/fieldready.org.tr\/index.php\/start-ready-2\/","title":{"rendered":"START READY 2"},"content":{"rendered":"<p>[vc_row full_height=&#8221;yes&#8221; overflow=&#8221;default&#8221;][vc_column][vc_column_text]<!-- FORM CLOSED NOTICE (AR \/ TR \/ EN) --><\/p>\n<div class=\"fr-closed-wrap\">\n<style>\n    .fr-closed-wrap{--c:#006698;--bg:#f3f8fb;--bd:#d5e0e6;--rad:14px;font-family:system-ui,-apple-system,Segoe UI,Roboto,Arial,sans-serif}<br \/>    .fr-closed{background:var(--bg);border:1px solid var(--bd);border-left:6px solid var(--c);border-radius:var(--rad);padding:16px 18px;margin:10px 0;line-height:1.6}<br \/>    .fr-closed .title{display:flex;align-items:center;gap:10px;margin:0 0 6px;font-weight:700;color:#0e2a36}<br \/>    .fr-closed .title .dot{width:10px;height:10px;border-radius:50%;background:var(--c);display:inline-block}<br \/>    .fr-closed p{margin:0;color:#173a49}<br \/>    \/* Arabic block: RTL + Alexandria (if available site-wide) *\/<br \/>    .fr-closed.ar{direction:rtl;text-align:right;font-family:Alexandria,system-ui,-apple-system,Segoe UI,Roboto,Arial,sans-serif}<br \/>    @media (max-width:600px){<br \/>      .fr-closed{padding:14px}<br \/>    }<br \/>  <\/style>\n<p style=\"text-align: center;\"><!-- Arabic --><\/p>\n<div class=\"fr-closed ar\" style=\"text-align: center;\">\n<div class=\"title\"><strong><span style=\"font-size: 24px;\">\u062a\u0645 \u0625\u063a\u0644\u0627\u0642 \u0628\u0627\u0628 \u0627\u0644\u062a\u0642\u062f\u064a\u0645<\/span><\/strong><\/div>\n<p><span style=\"font-size: 24px;\">\u0634\u0643\u0631\u064b\u0627 \u0644\u0627\u0647\u062a\u0645\u0627\u0645\u0643\u0645. \u0646\u0631\u062c\u0648 \u0645\u062a\u0627\u0628\u0639\u0629 \u0623\u0646\u0634\u0637\u062a\u0646\u0627 \u0648\u0641\u0631\u0635\u0646\u0627 \u0627\u0644\u0642\u0627\u062f\u0645\u0629.<\/span><\/p>\n<\/div>\n<p style=\"text-align: center;\"><span style=\"font-size: 24px;\"><!-- Turkish --><\/span><\/p>\n<div class=\"fr-closed tr\" style=\"text-align: center;\">\n<div class=\"title\"><strong><span style=\"font-size: 24px;\">Ba\u015fvuru Kapand\u0131<\/span><\/strong><\/div>\n<p><span style=\"font-size: 24px;\">\u0130lginiz i\u00e7in te\u015fekk\u00fcr ederiz. Di\u011fer etkinlik ve yakla\u015fan f\u0131rsatlar\u0131m\u0131z\u0131 takip edebilirsiniz.<\/span><\/p>\n<\/div>\n<p style=\"text-align: center;\"><span style=\"font-size: 24px;\"><!-- English --><\/span><\/p>\n<div class=\"fr-closed en\">\n<div class=\"title\" style=\"text-align: center;\"><strong><span style=\"font-size: 24px;\">Submissions Closed<\/span><\/strong><\/div>\n<p style=\"text-align: center;\"><span style=\"font-size: 24px;\">Thank you for your interest. Please follow our other activities and upcoming opportunities.<\/span><\/p>\n<\/div>\n<\/div>\n<p>[\/vc_column_text][\/vc_column][\/vc_row]<\/p>\n","protected":false},"excerpt":{"rendered":"<p>[vc_row full_height=&#8221;yes&#8221; overflow=&#8221;default&#8221;][vc_column][vc_column_text] \u062a\u0645 \u0625\u063a\u0644\u0627\u0642 \u0628\u0627\u0628 \u0627\u0644\u062a\u0642\u062f\u064a\u0645 \u0634\u0643\u0631\u064b\u0627 \u0644\u0627\u0647\u062a\u0645\u0627\u0645\u0643\u0645. \u0646\u0631\u062c\u0648 \u0645\u062a\u0627\u0628\u0639\u0629 \u0623\u0646\u0634\u0637\u062a\u0646\u0627 \u0648\u0641\u0631\u0635\u0646\u0627 \u0627\u0644\u0642\u0627\u062f\u0645\u0629. Ba\u015fvuru Kapand\u0131 \u0130lginiz i\u00e7in te\u015fekk\u00fcr ederiz. Di\u011fer etkinlik ve yakla\u015fan f\u0131rsatlar\u0131m\u0131z\u0131 takip edebilirsiniz. Submissions Closed Thank you for your interest. Please follow our other activities and upcoming opportunities. [\/vc_column_text][\/vc_column][\/vc_row]<\/p>\n","protected":false},"author":1,"featured_media":0,"parent":0,"menu_order":0,"comment_status":"closed","ping_status":"closed","template":"","meta":{"footnotes":""},"class_list":["post-3089","page","type-page","status-publish","hentry"],"yoast_head":"<!-- This site is optimized with the Yoast SEO plugin v26.5 - https:\/\/yoast.com\/wordpress\/plugins\/seo\/ -->\n<title>START READY 2 - Sahaya Hazir \u0130novasyon Derne\u011fi<\/title>\n<meta name=\"robots\" content=\"index, follow, max-snippet:-1, max-image-preview:large, max-video-preview:-1\" \/>\n<link rel=\"canonical\" href=\"https:\/\/fieldready.org.tr\/index.php\/start-ready-2\/\" \/>\n<meta property=\"og:locale\" content=\"en_US\" \/>\n<meta property=\"og:type\" content=\"article\" \/>\n<meta property=\"og:title\" content=\"START READY 2 - Sahaya Hazir \u0130novasyon Derne\u011fi\" \/>\n<meta property=\"og:description\" content=\"[vc_row full_height=&#8221;yes&#8221; overflow=&#8221;default&#8221;][vc_column][vc_column_text] \u062a\u0645 \u0625\u063a\u0644\u0627\u0642 \u0628\u0627\u0628 \u0627\u0644\u062a\u0642\u062f\u064a\u0645 \u0634\u0643\u0631\u064b\u0627 \u0644\u0627\u0647\u062a\u0645\u0627\u0645\u0643\u0645. \u0646\u0631\u062c\u0648 \u0645\u062a\u0627\u0628\u0639\u0629 \u0623\u0646\u0634\u0637\u062a\u0646\u0627 \u0648\u0641\u0631\u0635\u0646\u0627 \u0627\u0644\u0642\u0627\u062f\u0645\u0629. Ba\u015fvuru Kapand\u0131 \u0130lginiz i\u00e7in te\u015fekk\u00fcr ederiz. Di\u011fer etkinlik ve yakla\u015fan f\u0131rsatlar\u0131m\u0131z\u0131 takip edebilirsiniz. Submissions Closed Thank you for your interest. Please follow our other activities and upcoming opportunities. [\/vc_column_text][\/vc_column][\/vc_row]\" \/>\n<meta property=\"og:url\" content=\"https:\/\/fieldready.org.tr\/index.php\/start-ready-2\/\" \/>\n<meta property=\"og:site_name\" content=\"Sahaya Hazir \u0130novasyon Derne\u011fi\" \/>\n<meta property=\"article:publisher\" content=\"https:\/\/www.facebook.com\/FieldReadyTurkiye\" \/>\n<meta property=\"article:modified_time\" content=\"2025-09-18T14:54:52+00:00\" \/>\n<meta property=\"og:image\" content=\"https:\/\/fieldready.org.tr\/wp-content\/uploads\/2018\/08\/356157897_645010720982447_7484046960052446728_n.jpg\" \/>\n\t<meta property=\"og:image:width\" content=\"2000\" \/>\n\t<meta property=\"og:image:height\" content=\"1019\" \/>\n\t<meta property=\"og:image:type\" content=\"image\/jpeg\" \/>\n<meta name=\"twitter:card\" content=\"summary_large_image\" \/>\n<meta name=\"twitter:site\" content=\"@fieldreadytr\" \/>\n<meta name=\"twitter:label1\" content=\"Est. reading time\" \/>\n\t<meta name=\"twitter:data1\" content=\"1 minute\" \/>\n<script type=\"application\/ld+json\" class=\"yoast-schema-graph\">{\"@context\":\"https:\/\/schema.org\",\"@graph\":[{\"@type\":\"WebPage\",\"@id\":\"https:\/\/fieldready.org.tr\/index.php\/start-ready-2\/\",\"url\":\"https:\/\/fieldready.org.tr\/index.php\/start-ready-2\/\",\"name\":\"START READY 2 - Sahaya Hazir \u0130novasyon Derne\u011fi\",\"isPartOf\":{\"@id\":\"https:\/\/fieldready.org.tr\/#website\"},\"datePublished\":\"2025-09-03T21:16:07+00:00\",\"dateModified\":\"2025-09-18T14:54:52+00:00\",\"breadcrumb\":{\"@id\":\"https:\/\/fieldready.org.tr\/index.php\/start-ready-2\/#breadcrumb\"},\"inLanguage\":\"en-US\",\"potentialAction\":[{\"@type\":\"ReadAction\",\"target\":[\"https:\/\/fieldready.org.tr\/index.php\/start-ready-2\/\"]}]},{\"@type\":\"BreadcrumbList\",\"@id\":\"https:\/\/fieldready.org.tr\/index.php\/start-ready-2\/#breadcrumb\",\"itemListElement\":[{\"@type\":\"ListItem\",\"position\":1,\"name\":\"Home\",\"item\":\"https:\/\/fieldready.org.tr\/\"},{\"@type\":\"ListItem\",\"position\":2,\"name\":\"START READY 2\"}]},{\"@type\":\"WebSite\",\"@id\":\"https:\/\/fieldready.org.tr\/#website\",\"url\":\"https:\/\/fieldready.org.tr\/\",\"name\":\"Field Ready T\u00fcrkiye\",\"description\":\"Humanitarian Aid Supplies Made-in-the-Field\",\"publisher\":{\"@id\":\"https:\/\/fieldready.org.tr\/#organization\"},\"alternateName\":\"Sahaya Hazir \u0130novasyon Derne\u011fi\",\"potentialAction\":[{\"@type\":\"SearchAction\",\"target\":{\"@type\":\"EntryPoint\",\"urlTemplate\":\"https:\/\/fieldready.org.tr\/?s={search_term_string}\"},\"query-input\":{\"@type\":\"PropertyValueSpecification\",\"valueRequired\":true,\"valueName\":\"search_term_string\"}}],\"inLanguage\":\"en-US\"},{\"@type\":\"Organization\",\"@id\":\"https:\/\/fieldready.org.tr\/#organization\",\"name\":\"Field Ready Turk\u200eiye\",\"url\":\"https:\/\/fieldready.org.tr\/\",\"logo\":{\"@type\":\"ImageObject\",\"inLanguage\":\"en-US\",\"@id\":\"https:\/\/fieldready.org.tr\/#\/schema\/logo\/image\/\",\"url\":\"https:\/\/fieldready.org.tr\/wp-content\/uploads\/2018\/08\/sahaya-hazir-Fieldready-Logo.jpg\",\"contentUrl\":\"https:\/\/fieldready.org.tr\/wp-content\/uploads\/2018\/08\/sahaya-hazir-Fieldready-Logo.jpg\",\"width\":1200,\"height\":1200,\"caption\":\"Field Ready Turk\u200eiye\"},\"image\":{\"@id\":\"https:\/\/fieldready.org.tr\/#\/schema\/logo\/image\/\"},\"sameAs\":[\"https:\/\/www.facebook.com\/FieldReadyTurkiye\",\"https:\/\/x.com\/fieldreadytr\",\"https:\/\/www.linkedin.com\/company\/fieldreadyturk\u200eiye\/\",\"http:\/\/instagram.com\/fieldreadyturkiye\/\"]}]}<\/script>\n<!-- \/ Yoast SEO plugin. -->","yoast_head_json":{"title":"START READY 2 - Sahaya Hazir \u0130novasyon Derne\u011fi","robots":{"index":"index","follow":"follow","max-snippet":"max-snippet:-1","max-image-preview":"max-image-preview:large","max-video-preview":"max-video-preview:-1"},"canonical":"https:\/\/fieldready.org.tr\/index.php\/start-ready-2\/","og_locale":"en_US","og_type":"article","og_title":"START READY 2 - Sahaya Hazir \u0130novasyon Derne\u011fi","og_description":"[vc_row full_height=&#8221;yes&#8221; overflow=&#8221;default&#8221;][vc_column][vc_column_text] \u062a\u0645 \u0625\u063a\u0644\u0627\u0642 \u0628\u0627\u0628 \u0627\u0644\u062a\u0642\u062f\u064a\u0645 \u0634\u0643\u0631\u064b\u0627 \u0644\u0627\u0647\u062a\u0645\u0627\u0645\u0643\u0645. \u0646\u0631\u062c\u0648 \u0645\u062a\u0627\u0628\u0639\u0629 \u0623\u0646\u0634\u0637\u062a\u0646\u0627 \u0648\u0641\u0631\u0635\u0646\u0627 \u0627\u0644\u0642\u0627\u062f\u0645\u0629. Ba\u015fvuru Kapand\u0131 \u0130lginiz i\u00e7in te\u015fekk\u00fcr ederiz. Di\u011fer etkinlik ve yakla\u015fan f\u0131rsatlar\u0131m\u0131z\u0131 takip edebilirsiniz. Submissions Closed Thank you for your interest. Please follow our other activities and upcoming opportunities. [\/vc_column_text][\/vc_column][\/vc_row]","og_url":"https:\/\/fieldready.org.tr\/index.php\/start-ready-2\/","og_site_name":"Sahaya Hazir \u0130novasyon Derne\u011fi","article_publisher":"https:\/\/www.facebook.com\/FieldReadyTurkiye","article_modified_time":"2025-09-18T14:54:52+00:00","og_image":[{"width":2000,"height":1019,"url":"https:\/\/fieldready.org.tr\/wp-content\/uploads\/2018\/08\/356157897_645010720982447_7484046960052446728_n.jpg","type":"image\/jpeg"}],"twitter_card":"summary_large_image","twitter_site":"@fieldreadytr","twitter_misc":{"Est. reading time":"1 minute"},"schema":{"@context":"https:\/\/schema.org","@graph":[{"@type":"WebPage","@id":"https:\/\/fieldready.org.tr\/index.php\/start-ready-2\/","url":"https:\/\/fieldready.org.tr\/index.php\/start-ready-2\/","name":"START READY 2 - Sahaya Hazir \u0130novasyon Derne\u011fi","isPartOf":{"@id":"https:\/\/fieldready.org.tr\/#website"},"datePublished":"2025-09-03T21:16:07+00:00","dateModified":"2025-09-18T14:54:52+00:00","breadcrumb":{"@id":"https:\/\/fieldready.org.tr\/index.php\/start-ready-2\/#breadcrumb"},"inLanguage":"en-US","potentialAction":[{"@type":"ReadAction","target":["https:\/\/fieldready.org.tr\/index.php\/start-ready-2\/"]}]},{"@type":"BreadcrumbList","@id":"https:\/\/fieldready.org.tr\/index.php\/start-ready-2\/#breadcrumb","itemListElement":[{"@type":"ListItem","position":1,"name":"Home","item":"https:\/\/fieldready.org.tr\/"},{"@type":"ListItem","position":2,"name":"START READY 2"}]},{"@type":"WebSite","@id":"https:\/\/fieldready.org.tr\/#website","url":"https:\/\/fieldready.org.tr\/","name":"Field Ready T\u00fcrkiye","description":"Humanitarian Aid Supplies Made-in-the-Field","publisher":{"@id":"https:\/\/fieldready.org.tr\/#organization"},"alternateName":"Sahaya Hazir \u0130novasyon Derne\u011fi","potentialAction":[{"@type":"SearchAction","target":{"@type":"EntryPoint","urlTemplate":"https:\/\/fieldready.org.tr\/?s={search_term_string}"},"query-input":{"@type":"PropertyValueSpecification","valueRequired":true,"valueName":"search_term_string"}}],"inLanguage":"en-US"},{"@type":"Organization","@id":"https:\/\/fieldready.org.tr\/#organization","name":"Field Ready Turk\u200eiye","url":"https:\/\/fieldready.org.tr\/","logo":{"@type":"ImageObject","inLanguage":"en-US","@id":"https:\/\/fieldready.org.tr\/#\/schema\/logo\/image\/","url":"https:\/\/fieldready.org.tr\/wp-content\/uploads\/2018\/08\/sahaya-hazir-Fieldready-Logo.jpg","contentUrl":"https:\/\/fieldready.org.tr\/wp-content\/uploads\/2018\/08\/sahaya-hazir-Fieldready-Logo.jpg","width":1200,"height":1200,"caption":"Field Ready Turk\u200eiye"},"image":{"@id":"https:\/\/fieldready.org.tr\/#\/schema\/logo\/image\/"},"sameAs":["https:\/\/www.facebook.com\/FieldReadyTurkiye","https:\/\/x.com\/fieldreadytr","https:\/\/www.linkedin.com\/company\/fieldreadyturk\u200eiye\/","http:\/\/instagram.com\/fieldreadyturkiye\/"]}]}},"_links":{"self":[{"href":"https:\/\/fieldready.org.tr\/index.php\/wp-json\/wp\/v2\/pages\/3089","targetHints":{"allow":["GET"]}}],"collection":[{"href":"https:\/\/fieldready.org.tr\/index.php\/wp-json\/wp\/v2\/pages"}],"about":[{"href":"https:\/\/fieldready.org.tr\/index.php\/wp-json\/wp\/v2\/types\/page"}],"author":[{"embeddable":true,"href":"https:\/\/fieldready.org.tr\/index.php\/wp-json\/wp\/v2\/users\/1"}],"replies":[{"embeddable":true,"href":"https:\/\/fieldready.org.tr\/index.php\/wp-json\/wp\/v2\/comments?post=3089"}],"version-history":[{"count":6,"href":"https:\/\/fieldready.org.tr\/index.php\/wp-json\/wp\/v2\/pages\/3089\/revisions"}],"predecessor-version":[{"id":3114,"href":"https:\/\/fieldready.org.tr\/index.php\/wp-json\/wp\/v2\/pages\/3089\/revisions\/3114"}],"wp:attachment":[{"href":"https:\/\/fieldready.org.tr\/index.php\/wp-json\/wp\/v2\/media?parent=3089"}],"curies":[{"name":"wp","href":"https:\/\/api.w.org\/{rel}","templated":true}]}}