{"id":2894,"date":"2024-10-17T12:23:44","date_gmt":"2024-10-17T12:23:44","guid":{"rendered":"https:\/\/fieldready.org.tr\/?page_id=2894"},"modified":"2024-12-11T20:04:42","modified_gmt":"2024-12-11T20:04:42","slug":"technical-support-personnel","status":"publish","type":"page","link":"https:\/\/fieldready.org.tr\/index.php\/technical-support-personnel\/","title":{"rendered":"Technical support personnel"},"content":{"rendered":"<p>[vc_row][vc_column width=&#8221;1\/6&#8243;][\/vc_column][vc_column width=&#8221;2\/3&#8243;][vc_column_text]<i>Bu proje, azalan ar\u0131 popu\u0308lasyonlar\u0131 ve Suriyeli mu\u0308lteciler ile Tu\u0308rk ar\u0131c\u0131lar\u0131n kar\u015f\u0131la\u015ft\u0131\u011f\u0131 ekonomik\u00a0<\/i><i>zorluklar\u0131 ele almaktad\u0131r. Yenilik\u00e7i ve su\u0308rdu\u0308ru\u0308lebilir \u00e7\u00f6zu\u0308mleri te\u015fvik ederek bal u\u0308retimini art\u0131rmay\u0131,\u00a0<\/i><i>ekonomik bu\u0308yu\u0308meyi, istihdam\u0131 ve topluluk dayan\u0131kl\u0131l\u0131\u011f\u0131n\u0131 desteklemeyi ama\u00e7lamaktad\u0131r.<\/i><\/p>\n<p>Daha fazla bilgi i\u00e7in l\u00fctfen a\u015fa\u011f\u0131daki ba\u011flant\u0131ya t\u0131klay\u0131n:<br \/>\n\ud83d\udcc4 <a href=\"https:\/\/fieldready.org.tr\/wp-content\/uploads\/2024\/12\/TOR-Aricilik-Destek-Merkerzi-Personeli.pdf\">TOR-Ar\u0131c\u0131l\u0131k Destek Merkerzi Personeli<\/a><\/p>\n<p>Ba\u015fvurmak i\u00e7in l\u00fctfen a\u015fa\u011f\u0131daki formu doldurun:[\/vc_column_text][vc_raw_html]JTVCdG90YWxzdXJ2ZXklMjBpZCUzRCUyMjE2JTIyJTVEJTVCJTJGdG90YWxzdXJ2ZXklNUQ=[\/vc_raw_html][\/vc_column][vc_column width=&#8221;1\/6&#8243;][\/vc_column][\/vc_row]<\/p>\n","protected":false},"excerpt":{"rendered":"<p>[vc_row][vc_column width=&#8221;1\/6&#8243;][\/vc_column][vc_column width=&#8221;2\/3&#8243;][vc_column_text]Bu proje, azalan ar\u0131 popu\u0308lasyonlar\u0131 ve Suriyeli mu\u0308lteciler ile Tu\u0308rk ar\u0131c\u0131lar\u0131n kar\u015f\u0131la\u015ft\u0131\u011f\u0131 ekonomik\u00a0zorluklar\u0131 ele almaktad\u0131r. Yenilik\u00e7i ve su\u0308rdu\u0308ru\u0308lebilir \u00e7\u00f6zu\u0308mleri te\u015fvik ederek bal u\u0308retimini art\u0131rmay\u0131,\u00a0ekonomik bu\u0308yu\u0308meyi, istihdam\u0131 ve topluluk dayan\u0131kl\u0131l\u0131\u011f\u0131n\u0131 desteklemeyi ama\u00e7lamaktad\u0131r. Daha fazla bilgi i\u00e7in l\u00fctfen a\u015fa\u011f\u0131daki ba\u011flant\u0131ya t\u0131klay\u0131n: \ud83d\udcc4 TOR-Ar\u0131c\u0131l\u0131k Destek Merkerzi&#8230;<\/p>\n","protected":false},"author":1,"featured_media":0,"parent":0,"menu_order":0,"comment_status":"closed","ping_status":"closed","template":"","meta":{"footnotes":""},"class_list":["post-2894","page","type-page","status-publish","hentry"],"yoast_head":"<!-- This site is optimized with the Yoast SEO plugin v26.5 - https:\/\/yoast.com\/wordpress\/plugins\/seo\/ -->\n<title>Technical support personnel - Sahaya Hazir \u0130novasyon Derne\u011fi<\/title>\n<meta name=\"robots\" content=\"index, follow, max-snippet:-1, max-image-preview:large, max-video-preview:-1\" \/>\n<link rel=\"canonical\" href=\"https:\/\/fieldready.org.tr\/index.php\/technical-support-personnel\/\" \/>\n<meta property=\"og:locale\" content=\"en_US\" \/>\n<meta property=\"og:type\" content=\"article\" \/>\n<meta property=\"og:title\" content=\"Technical support personnel - Sahaya Hazir \u0130novasyon Derne\u011fi\" \/>\n<meta property=\"og:description\" content=\"[vc_row][vc_column width=&#8221;1\/6&#8243;][\/vc_column][vc_column width=&#8221;2\/3&#8243;][vc_column_text]Bu proje, azalan ar\u0131 popu\u0308lasyonlar\u0131 ve Suriyeli mu\u0308lteciler ile Tu\u0308rk ar\u0131c\u0131lar\u0131n kar\u015f\u0131la\u015ft\u0131\u011f\u0131 ekonomik\u00a0zorluklar\u0131 ele almaktad\u0131r. Yenilik\u00e7i ve su\u0308rdu\u0308ru\u0308lebilir \u00e7\u00f6zu\u0308mleri te\u015fvik ederek bal u\u0308retimini art\u0131rmay\u0131,\u00a0ekonomik bu\u0308yu\u0308meyi, istihdam\u0131 ve topluluk dayan\u0131kl\u0131l\u0131\u011f\u0131n\u0131 desteklemeyi ama\u00e7lamaktad\u0131r. Daha fazla bilgi i\u00e7in l\u00fctfen a\u015fa\u011f\u0131daki ba\u011flant\u0131ya t\u0131klay\u0131n: \ud83d\udcc4 TOR-Ar\u0131c\u0131l\u0131k Destek Merkerzi...\" \/>\n<meta property=\"og:url\" content=\"https:\/\/fieldready.org.tr\/index.php\/technical-support-personnel\/\" \/>\n<meta property=\"og:site_name\" content=\"Sahaya Hazir \u0130novasyon Derne\u011fi\" \/>\n<meta property=\"article:publisher\" content=\"https:\/\/www.facebook.com\/FieldReadyTurkiye\" \/>\n<meta property=\"article:modified_time\" content=\"2024-12-11T20:04:42+00:00\" \/>\n<meta property=\"og:image\" content=\"https:\/\/fieldready.org.tr\/wp-content\/uploads\/2018\/08\/356157897_645010720982447_7484046960052446728_n.jpg\" \/>\n\t<meta property=\"og:image:width\" content=\"2000\" \/>\n\t<meta property=\"og:image:height\" content=\"1019\" \/>\n\t<meta property=\"og:image:type\" content=\"image\/jpeg\" \/>\n<meta name=\"twitter:card\" content=\"summary_large_image\" \/>\n<meta name=\"twitter:site\" content=\"@fieldreadytr\" \/>\n<meta name=\"twitter:label1\" content=\"Est. reading time\" \/>\n\t<meta name=\"twitter:data1\" content=\"1 minute\" \/>\n<script type=\"application\/ld+json\" class=\"yoast-schema-graph\">{\"@context\":\"https:\/\/schema.org\",\"@graph\":[{\"@type\":\"WebPage\",\"@id\":\"https:\/\/fieldready.org.tr\/index.php\/technical-support-personnel\/\",\"url\":\"https:\/\/fieldready.org.tr\/index.php\/technical-support-personnel\/\",\"name\":\"Technical support personnel - Sahaya Hazir \u0130novasyon Derne\u011fi\",\"isPartOf\":{\"@id\":\"https:\/\/fieldready.org.tr\/#website\"},\"datePublished\":\"2024-10-17T12:23:44+00:00\",\"dateModified\":\"2024-12-11T20:04:42+00:00\",\"breadcrumb\":{\"@id\":\"https:\/\/fieldready.org.tr\/index.php\/technical-support-personnel\/#breadcrumb\"},\"inLanguage\":\"en-US\",\"potentialAction\":[{\"@type\":\"ReadAction\",\"target\":[\"https:\/\/fieldready.org.tr\/index.php\/technical-support-personnel\/\"]}]},{\"@type\":\"BreadcrumbList\",\"@id\":\"https:\/\/fieldready.org.tr\/index.php\/technical-support-personnel\/#breadcrumb\",\"itemListElement\":[{\"@type\":\"ListItem\",\"position\":1,\"name\":\"Home\",\"item\":\"https:\/\/fieldready.org.tr\/\"},{\"@type\":\"ListItem\",\"position\":2,\"name\":\"Technical support personnel\"}]},{\"@type\":\"WebSite\",\"@id\":\"https:\/\/fieldready.org.tr\/#website\",\"url\":\"https:\/\/fieldready.org.tr\/\",\"name\":\"Field Ready T\u00fcrkiye\",\"description\":\"Humanitarian Aid Supplies Made-in-the-Field\",\"publisher\":{\"@id\":\"https:\/\/fieldready.org.tr\/#organization\"},\"alternateName\":\"Sahaya Hazir \u0130novasyon Derne\u011fi\",\"potentialAction\":[{\"@type\":\"SearchAction\",\"target\":{\"@type\":\"EntryPoint\",\"urlTemplate\":\"https:\/\/fieldready.org.tr\/?s={search_term_string}\"},\"query-input\":{\"@type\":\"PropertyValueSpecification\",\"valueRequired\":true,\"valueName\":\"search_term_string\"}}],\"inLanguage\":\"en-US\"},{\"@type\":\"Organization\",\"@id\":\"https:\/\/fieldready.org.tr\/#organization\",\"name\":\"Field Ready Turk\u200eiye\",\"url\":\"https:\/\/fieldready.org.tr\/\",\"logo\":{\"@type\":\"ImageObject\",\"inLanguage\":\"en-US\",\"@id\":\"https:\/\/fieldready.org.tr\/#\/schema\/logo\/image\/\",\"url\":\"https:\/\/fieldready.org.tr\/wp-content\/uploads\/2018\/08\/sahaya-hazir-Fieldready-Logo.jpg\",\"contentUrl\":\"https:\/\/fieldready.org.tr\/wp-content\/uploads\/2018\/08\/sahaya-hazir-Fieldready-Logo.jpg\",\"width\":1200,\"height\":1200,\"caption\":\"Field Ready Turk\u200eiye\"},\"image\":{\"@id\":\"https:\/\/fieldready.org.tr\/#\/schema\/logo\/image\/\"},\"sameAs\":[\"https:\/\/www.facebook.com\/FieldReadyTurkiye\",\"https:\/\/x.com\/fieldreadytr\",\"https:\/\/www.linkedin.com\/company\/fieldreadyturk\u200eiye\/\",\"http:\/\/instagram.com\/fieldreadyturkiye\/\"]}]}<\/script>\n<!-- \/ Yoast SEO plugin. -->","yoast_head_json":{"title":"Technical support personnel - Sahaya Hazir \u0130novasyon Derne\u011fi","robots":{"index":"index","follow":"follow","max-snippet":"max-snippet:-1","max-image-preview":"max-image-preview:large","max-video-preview":"max-video-preview:-1"},"canonical":"https:\/\/fieldready.org.tr\/index.php\/technical-support-personnel\/","og_locale":"en_US","og_type":"article","og_title":"Technical support personnel - Sahaya Hazir \u0130novasyon Derne\u011fi","og_description":"[vc_row][vc_column width=&#8221;1\/6&#8243;][\/vc_column][vc_column width=&#8221;2\/3&#8243;][vc_column_text]Bu proje, azalan ar\u0131 popu\u0308lasyonlar\u0131 ve Suriyeli mu\u0308lteciler ile Tu\u0308rk ar\u0131c\u0131lar\u0131n kar\u015f\u0131la\u015ft\u0131\u011f\u0131 ekonomik\u00a0zorluklar\u0131 ele almaktad\u0131r. Yenilik\u00e7i ve su\u0308rdu\u0308ru\u0308lebilir \u00e7\u00f6zu\u0308mleri te\u015fvik ederek bal u\u0308retimini art\u0131rmay\u0131,\u00a0ekonomik bu\u0308yu\u0308meyi, istihdam\u0131 ve topluluk dayan\u0131kl\u0131l\u0131\u011f\u0131n\u0131 desteklemeyi ama\u00e7lamaktad\u0131r. Daha fazla bilgi i\u00e7in l\u00fctfen a\u015fa\u011f\u0131daki ba\u011flant\u0131ya t\u0131klay\u0131n: \ud83d\udcc4 TOR-Ar\u0131c\u0131l\u0131k Destek Merkerzi...","og_url":"https:\/\/fieldready.org.tr\/index.php\/technical-support-personnel\/","og_site_name":"Sahaya Hazir \u0130novasyon Derne\u011fi","article_publisher":"https:\/\/www.facebook.com\/FieldReadyTurkiye","article_modified_time":"2024-12-11T20:04:42+00:00","og_image":[{"width":2000,"height":1019,"url":"https:\/\/fieldready.org.tr\/wp-content\/uploads\/2018\/08\/356157897_645010720982447_7484046960052446728_n.jpg","type":"image\/jpeg"}],"twitter_card":"summary_large_image","twitter_site":"@fieldreadytr","twitter_misc":{"Est. reading time":"1 minute"},"schema":{"@context":"https:\/\/schema.org","@graph":[{"@type":"WebPage","@id":"https:\/\/fieldready.org.tr\/index.php\/technical-support-personnel\/","url":"https:\/\/fieldready.org.tr\/index.php\/technical-support-personnel\/","name":"Technical support personnel - Sahaya Hazir \u0130novasyon Derne\u011fi","isPartOf":{"@id":"https:\/\/fieldready.org.tr\/#website"},"datePublished":"2024-10-17T12:23:44+00:00","dateModified":"2024-12-11T20:04:42+00:00","breadcrumb":{"@id":"https:\/\/fieldready.org.tr\/index.php\/technical-support-personnel\/#breadcrumb"},"inLanguage":"en-US","potentialAction":[{"@type":"ReadAction","target":["https:\/\/fieldready.org.tr\/index.php\/technical-support-personnel\/"]}]},{"@type":"BreadcrumbList","@id":"https:\/\/fieldready.org.tr\/index.php\/technical-support-personnel\/#breadcrumb","itemListElement":[{"@type":"ListItem","position":1,"name":"Home","item":"https:\/\/fieldready.org.tr\/"},{"@type":"ListItem","position":2,"name":"Technical support personnel"}]},{"@type":"WebSite","@id":"https:\/\/fieldready.org.tr\/#website","url":"https:\/\/fieldready.org.tr\/","name":"Field Ready T\u00fcrkiye","description":"Humanitarian Aid Supplies Made-in-the-Field","publisher":{"@id":"https:\/\/fieldready.org.tr\/#organization"},"alternateName":"Sahaya Hazir \u0130novasyon Derne\u011fi","potentialAction":[{"@type":"SearchAction","target":{"@type":"EntryPoint","urlTemplate":"https:\/\/fieldready.org.tr\/?s={search_term_string}"},"query-input":{"@type":"PropertyValueSpecification","valueRequired":true,"valueName":"search_term_string"}}],"inLanguage":"en-US"},{"@type":"Organization","@id":"https:\/\/fieldready.org.tr\/#organization","name":"Field Ready Turk\u200eiye","url":"https:\/\/fieldready.org.tr\/","logo":{"@type":"ImageObject","inLanguage":"en-US","@id":"https:\/\/fieldready.org.tr\/#\/schema\/logo\/image\/","url":"https:\/\/fieldready.org.tr\/wp-content\/uploads\/2018\/08\/sahaya-hazir-Fieldready-Logo.jpg","contentUrl":"https:\/\/fieldready.org.tr\/wp-content\/uploads\/2018\/08\/sahaya-hazir-Fieldready-Logo.jpg","width":1200,"height":1200,"caption":"Field Ready Turk\u200eiye"},"image":{"@id":"https:\/\/fieldready.org.tr\/#\/schema\/logo\/image\/"},"sameAs":["https:\/\/www.facebook.com\/FieldReadyTurkiye","https:\/\/x.com\/fieldreadytr","https:\/\/www.linkedin.com\/company\/fieldreadyturk\u200eiye\/","http:\/\/instagram.com\/fieldreadyturkiye\/"]}]}},"_links":{"self":[{"href":"https:\/\/fieldready.org.tr\/index.php\/wp-json\/wp\/v2\/pages\/2894","targetHints":{"allow":["GET"]}}],"collection":[{"href":"https:\/\/fieldready.org.tr\/index.php\/wp-json\/wp\/v2\/pages"}],"about":[{"href":"https:\/\/fieldready.org.tr\/index.php\/wp-json\/wp\/v2\/types\/page"}],"author":[{"embeddable":true,"href":"https:\/\/fieldready.org.tr\/index.php\/wp-json\/wp\/v2\/users\/1"}],"replies":[{"embeddable":true,"href":"https:\/\/fieldready.org.tr\/index.php\/wp-json\/wp\/v2\/comments?post=2894"}],"version-history":[{"count":4,"href":"https:\/\/fieldready.org.tr\/index.php\/wp-json\/wp\/v2\/pages\/2894\/revisions"}],"predecessor-version":[{"id":2938,"href":"https:\/\/fieldready.org.tr\/index.php\/wp-json\/wp\/v2\/pages\/2894\/revisions\/2938"}],"wp:attachment":[{"href":"https:\/\/fieldready.org.tr\/index.php\/wp-json\/wp\/v2\/media?parent=2894"}],"curies":[{"name":"wp","href":"https:\/\/api.w.org\/{rel}","templated":true}]}}