{"id":2817,"date":"2024-08-19T09:19:55","date_gmt":"2024-08-19T09:19:55","guid":{"rendered":"https:\/\/fieldready.org.tr\/?page_id=2817"},"modified":"2024-08-19T09:22:36","modified_gmt":"2024-08-19T09:22:36","slug":"field-ready-turkiye-profile","status":"publish","type":"page","link":"https:\/\/fieldready.org.tr\/index.php\/field-ready-turkiye-profile\/","title":{"rendered":"Field Ready T\u00fcrkiye Profile"},"content":{"rendered":"<div class=\"_df_book df-lite\" id=\"df_2811\"  _slug=\"fieldready-tr-profile-2023\" data-title=\"fieldready-tr-profile-2023\" wpoptions=\"true\" thumb=\"https:\/\/fieldready.org.tr\/wp-content\/uploads\/2018\/08\/FieldReady-TR-2023.jpg\" thumbtype=\"\" ><\/div><script class=\"df-shortcode-script\" nowprocket type=\"application\/javascript\">window.option_df_2811 = {\"outline\":[],\"backgroundColor\":\"ffffff\",\"height\":\"auto\",\"autoEnableOutline\":\"false\",\"autoEnableThumbnail\":\"false\",\"overwritePDFOutline\":\"false\",\"direction\":\"1\",\"pageSize\":\"0\",\"source\":\"https:\\\/\\\/fieldready.org.tr\\\/wp-content\\\/uploads\\\/2018\\\/08\\\/FieldReady-TR-2023.pdf\",\"wpOptions\":\"true\"}; if(window.DFLIP && window.DFLIP.parseBooks){window.DFLIP.parseBooks();}<\/script>\n","protected":false},"excerpt":{"rendered":"","protected":false},"author":1,"featured_media":0,"parent":0,"menu_order":0,"comment_status":"closed","ping_status":"closed","template":"redux-templates_full_width","meta":{"footnotes":""},"class_list":["post-2817","page","type-page","status-publish","hentry"],"yoast_head":"<!-- This site is optimized with the Yoast SEO plugin v26.5 - https:\/\/yoast.com\/wordpress\/plugins\/seo\/ -->\n<title>Field Ready T\u00fcrkiye Profile - Sahaya Hazir \u0130novasyon Derne\u011fi<\/title>\n<meta name=\"robots\" content=\"index, follow, max-snippet:-1, max-image-preview:large, max-video-preview:-1\" \/>\n<link rel=\"canonical\" href=\"https:\/\/fieldready.org.tr\/index.php\/field-ready-turkiye-profile\/\" \/>\n<meta property=\"og:locale\" content=\"en_US\" \/>\n<meta property=\"og:type\" content=\"article\" \/>\n<meta property=\"og:title\" content=\"Field Ready T\u00fcrkiye Profile - Sahaya Hazir \u0130novasyon Derne\u011fi\" \/>\n<meta property=\"og:url\" content=\"https:\/\/fieldready.org.tr\/index.php\/field-ready-turkiye-profile\/\" \/>\n<meta property=\"og:site_name\" content=\"Sahaya Hazir \u0130novasyon Derne\u011fi\" \/>\n<meta property=\"article:publisher\" content=\"https:\/\/www.facebook.com\/FieldReadyTurkiye\" \/>\n<meta property=\"article:modified_time\" content=\"2024-08-19T09:22:36+00:00\" \/>\n<meta property=\"og:image\" content=\"https:\/\/fieldready.org.tr\/wp-content\/uploads\/2018\/08\/356157897_645010720982447_7484046960052446728_n.jpg\" \/>\n\t<meta property=\"og:image:width\" content=\"2000\" \/>\n\t<meta property=\"og:image:height\" content=\"1019\" \/>\n\t<meta property=\"og:image:type\" content=\"image\/jpeg\" \/>\n<meta name=\"twitter:card\" content=\"summary_large_image\" \/>\n<meta name=\"twitter:site\" content=\"@fieldreadytr\" \/>\n<meta name=\"twitter:label1\" content=\"Est. reading time\" \/>\n\t<meta name=\"twitter:data1\" content=\"1 minute\" \/>\n<script type=\"application\/ld+json\" class=\"yoast-schema-graph\">{\"@context\":\"https:\/\/schema.org\",\"@graph\":[{\"@type\":\"WebPage\",\"@id\":\"https:\/\/fieldready.org.tr\/index.php\/field-ready-turkiye-profile\/\",\"url\":\"https:\/\/fieldready.org.tr\/index.php\/field-ready-turkiye-profile\/\",\"name\":\"Field Ready T\u00fcrkiye Profile - Sahaya Hazir \u0130novasyon Derne\u011fi\",\"isPartOf\":{\"@id\":\"https:\/\/fieldready.org.tr\/#website\"},\"datePublished\":\"2024-08-19T09:19:55+00:00\",\"dateModified\":\"2024-08-19T09:22:36+00:00\",\"breadcrumb\":{\"@id\":\"https:\/\/fieldready.org.tr\/index.php\/field-ready-turkiye-profile\/#breadcrumb\"},\"inLanguage\":\"en-US\",\"potentialAction\":[{\"@type\":\"ReadAction\",\"target\":[\"https:\/\/fieldready.org.tr\/index.php\/field-ready-turkiye-profile\/\"]}]},{\"@type\":\"BreadcrumbList\",\"@id\":\"https:\/\/fieldready.org.tr\/index.php\/field-ready-turkiye-profile\/#breadcrumb\",\"itemListElement\":[{\"@type\":\"ListItem\",\"position\":1,\"name\":\"Home\",\"item\":\"https:\/\/fieldready.org.tr\/\"},{\"@type\":\"ListItem\",\"position\":2,\"name\":\"Field Ready T\u00fcrkiye Profile\"}]},{\"@type\":\"WebSite\",\"@id\":\"https:\/\/fieldready.org.tr\/#website\",\"url\":\"https:\/\/fieldready.org.tr\/\",\"name\":\"Field Ready T\u00fcrkiye\",\"description\":\"Humanitarian Aid Supplies Made-in-the-Field\",\"publisher\":{\"@id\":\"https:\/\/fieldready.org.tr\/#organization\"},\"alternateName\":\"Sahaya Hazir \u0130novasyon Derne\u011fi\",\"potentialAction\":[{\"@type\":\"SearchAction\",\"target\":{\"@type\":\"EntryPoint\",\"urlTemplate\":\"https:\/\/fieldready.org.tr\/?s={search_term_string}\"},\"query-input\":{\"@type\":\"PropertyValueSpecification\",\"valueRequired\":true,\"valueName\":\"search_term_string\"}}],\"inLanguage\":\"en-US\"},{\"@type\":\"Organization\",\"@id\":\"https:\/\/fieldready.org.tr\/#organization\",\"name\":\"Field Ready Turk\u200eiye\",\"url\":\"https:\/\/fieldready.org.tr\/\",\"logo\":{\"@type\":\"ImageObject\",\"inLanguage\":\"en-US\",\"@id\":\"https:\/\/fieldready.org.tr\/#\/schema\/logo\/image\/\",\"url\":\"https:\/\/fieldready.org.tr\/wp-content\/uploads\/2018\/08\/sahaya-hazir-Fieldready-Logo.jpg\",\"contentUrl\":\"https:\/\/fieldready.org.tr\/wp-content\/uploads\/2018\/08\/sahaya-hazir-Fieldready-Logo.jpg\",\"width\":1200,\"height\":1200,\"caption\":\"Field Ready Turk\u200eiye\"},\"image\":{\"@id\":\"https:\/\/fieldready.org.tr\/#\/schema\/logo\/image\/\"},\"sameAs\":[\"https:\/\/www.facebook.com\/FieldReadyTurkiye\",\"https:\/\/x.com\/fieldreadytr\",\"https:\/\/www.linkedin.com\/company\/fieldreadyturk\u200eiye\/\",\"http:\/\/instagram.com\/fieldreadyturkiye\/\"]}]}<\/script>\n<!-- \/ Yoast SEO plugin. -->","yoast_head_json":{"title":"Field Ready T\u00fcrkiye Profile - Sahaya Hazir \u0130novasyon Derne\u011fi","robots":{"index":"index","follow":"follow","max-snippet":"max-snippet:-1","max-image-preview":"max-image-preview:large","max-video-preview":"max-video-preview:-1"},"canonical":"https:\/\/fieldready.org.tr\/index.php\/field-ready-turkiye-profile\/","og_locale":"en_US","og_type":"article","og_title":"Field Ready T\u00fcrkiye Profile - Sahaya Hazir \u0130novasyon Derne\u011fi","og_url":"https:\/\/fieldready.org.tr\/index.php\/field-ready-turkiye-profile\/","og_site_name":"Sahaya Hazir \u0130novasyon Derne\u011fi","article_publisher":"https:\/\/www.facebook.com\/FieldReadyTurkiye","article_modified_time":"2024-08-19T09:22:36+00:00","og_image":[{"width":2000,"height":1019,"url":"https:\/\/fieldready.org.tr\/wp-content\/uploads\/2018\/08\/356157897_645010720982447_7484046960052446728_n.jpg","type":"image\/jpeg"}],"twitter_card":"summary_large_image","twitter_site":"@fieldreadytr","twitter_misc":{"Est. reading time":"1 minute"},"schema":{"@context":"https:\/\/schema.org","@graph":[{"@type":"WebPage","@id":"https:\/\/fieldready.org.tr\/index.php\/field-ready-turkiye-profile\/","url":"https:\/\/fieldready.org.tr\/index.php\/field-ready-turkiye-profile\/","name":"Field Ready T\u00fcrkiye Profile - Sahaya Hazir \u0130novasyon Derne\u011fi","isPartOf":{"@id":"https:\/\/fieldready.org.tr\/#website"},"datePublished":"2024-08-19T09:19:55+00:00","dateModified":"2024-08-19T09:22:36+00:00","breadcrumb":{"@id":"https:\/\/fieldready.org.tr\/index.php\/field-ready-turkiye-profile\/#breadcrumb"},"inLanguage":"en-US","potentialAction":[{"@type":"ReadAction","target":["https:\/\/fieldready.org.tr\/index.php\/field-ready-turkiye-profile\/"]}]},{"@type":"BreadcrumbList","@id":"https:\/\/fieldready.org.tr\/index.php\/field-ready-turkiye-profile\/#breadcrumb","itemListElement":[{"@type":"ListItem","position":1,"name":"Home","item":"https:\/\/fieldready.org.tr\/"},{"@type":"ListItem","position":2,"name":"Field Ready T\u00fcrkiye Profile"}]},{"@type":"WebSite","@id":"https:\/\/fieldready.org.tr\/#website","url":"https:\/\/fieldready.org.tr\/","name":"Field Ready T\u00fcrkiye","description":"Humanitarian Aid Supplies Made-in-the-Field","publisher":{"@id":"https:\/\/fieldready.org.tr\/#organization"},"alternateName":"Sahaya Hazir \u0130novasyon Derne\u011fi","potentialAction":[{"@type":"SearchAction","target":{"@type":"EntryPoint","urlTemplate":"https:\/\/fieldready.org.tr\/?s={search_term_string}"},"query-input":{"@type":"PropertyValueSpecification","valueRequired":true,"valueName":"search_term_string"}}],"inLanguage":"en-US"},{"@type":"Organization","@id":"https:\/\/fieldready.org.tr\/#organization","name":"Field Ready Turk\u200eiye","url":"https:\/\/fieldready.org.tr\/","logo":{"@type":"ImageObject","inLanguage":"en-US","@id":"https:\/\/fieldready.org.tr\/#\/schema\/logo\/image\/","url":"https:\/\/fieldready.org.tr\/wp-content\/uploads\/2018\/08\/sahaya-hazir-Fieldready-Logo.jpg","contentUrl":"https:\/\/fieldready.org.tr\/wp-content\/uploads\/2018\/08\/sahaya-hazir-Fieldready-Logo.jpg","width":1200,"height":1200,"caption":"Field Ready Turk\u200eiye"},"image":{"@id":"https:\/\/fieldready.org.tr\/#\/schema\/logo\/image\/"},"sameAs":["https:\/\/www.facebook.com\/FieldReadyTurkiye","https:\/\/x.com\/fieldreadytr","https:\/\/www.linkedin.com\/company\/fieldreadyturk\u200eiye\/","http:\/\/instagram.com\/fieldreadyturkiye\/"]}]}},"_links":{"self":[{"href":"https:\/\/fieldready.org.tr\/index.php\/wp-json\/wp\/v2\/pages\/2817","targetHints":{"allow":["GET"]}}],"collection":[{"href":"https:\/\/fieldready.org.tr\/index.php\/wp-json\/wp\/v2\/pages"}],"about":[{"href":"https:\/\/fieldready.org.tr\/index.php\/wp-json\/wp\/v2\/types\/page"}],"author":[{"embeddable":true,"href":"https:\/\/fieldready.org.tr\/index.php\/wp-json\/wp\/v2\/users\/1"}],"replies":[{"embeddable":true,"href":"https:\/\/fieldready.org.tr\/index.php\/wp-json\/wp\/v2\/comments?post=2817"}],"version-history":[{"count":1,"href":"https:\/\/fieldready.org.tr\/index.php\/wp-json\/wp\/v2\/pages\/2817\/revisions"}],"predecessor-version":[{"id":2818,"href":"https:\/\/fieldready.org.tr\/index.php\/wp-json\/wp\/v2\/pages\/2817\/revisions\/2818"}],"wp:attachment":[{"href":"https:\/\/fieldready.org.tr\/index.php\/wp-json\/wp\/v2\/media?parent=2817"}],"curies":[{"name":"wp","href":"https:\/\/api.w.org\/{rel}","templated":true}]}}